{"id":21,"date":"2023-02-15T15:42:26","date_gmt":"2023-02-15T15:42:26","guid":{"rendered":"https:\/\/nanoair.brandit.ws\/?page_id=21"},"modified":"2024-03-05T14:37:08","modified_gmt":"2024-03-05T14:37:08","slug":"publications","status":"publish","type":"page","link":"https:\/\/nanoair.brandit.ws\/?page_id=21","title":{"rendered":"Publications"},"content":{"rendered":"\t\t<div data-elementor-type=\"wp-page\" data-elementor-id=\"21\" class=\"elementor elementor-21\" data-elementor-post-type=\"page\">\n\t\t\t\t\t\t<section class=\"elementor-section elementor-top-section elementor-element elementor-element-251f992 elementor-section-boxed elementor-section-height-default elementor-section-height-default\" data-id=\"251f992\" data-element_type=\"section\">\n\t\t\t\t\t\t<div class=\"elementor-container elementor-column-gap-default\">\n\t\t\t\t\t<div class=\"elementor-column elementor-col-100 elementor-top-column elementor-element elementor-element-dc73439\" data-id=\"dc73439\" data-element_type=\"column\">\n\t\t\t<div class=\"elementor-widget-wrap elementor-element-populated\">\n\t\t\t\t\t\t<div class=\"elementor-element elementor-element-5cd1eec elementor-widget-divider--view-line_text elementor-widget-divider--element-align-center elementor-widget elementor-widget-divider\" data-id=\"5cd1eec\" data-element_type=\"widget\" data-widget_type=\"divider.default\">\n\t\t\t\t<div class=\"elementor-widget-container\">\n\t\t\t<style>\/*! elementor - v3.19.0 - 28-02-2024 *\/\n.elementor-widget-divider{--divider-border-style:none;--divider-border-width:1px;--divider-color:#0c0d0e;--divider-icon-size:20px;--divider-element-spacing:10px;--divider-pattern-height:24px;--divider-pattern-size:20px;--divider-pattern-url:none;--divider-pattern-repeat:repeat-x}.elementor-widget-divider .elementor-divider{display:flex}.elementor-widget-divider .elementor-divider__text{font-size:15px;line-height:1;max-width:95%}.elementor-widget-divider .elementor-divider__element{margin:0 var(--divider-element-spacing);flex-shrink:0}.elementor-widget-divider .elementor-icon{font-size:var(--divider-icon-size)}.elementor-widget-divider .elementor-divider-separator{display:flex;margin:0;direction:ltr}.elementor-widget-divider--view-line_icon .elementor-divider-separator,.elementor-widget-divider--view-line_text .elementor-divider-separator{align-items:center}.elementor-widget-divider--view-line_icon .elementor-divider-separator:after,.elementor-widget-divider--view-line_icon .elementor-divider-separator:before,.elementor-widget-divider--view-line_text .elementor-divider-separator:after,.elementor-widget-divider--view-line_text .elementor-divider-separator:before{display:block;content:\"\";border-block-end:0;flex-grow:1;border-block-start:var(--divider-border-width) var(--divider-border-style) var(--divider-color)}.elementor-widget-divider--element-align-left .elementor-divider .elementor-divider-separator>.elementor-divider__svg:first-of-type{flex-grow:0;flex-shrink:100}.elementor-widget-divider--element-align-left .elementor-divider-separator:before{content:none}.elementor-widget-divider--element-align-left .elementor-divider__element{margin-left:0}.elementor-widget-divider--element-align-right .elementor-divider .elementor-divider-separator>.elementor-divider__svg:last-of-type{flex-grow:0;flex-shrink:100}.elementor-widget-divider--element-align-right .elementor-divider-separator:after{content:none}.elementor-widget-divider--element-align-right .elementor-divider__element{margin-right:0}.elementor-widget-divider--element-align-start .elementor-divider .elementor-divider-separator>.elementor-divider__svg:first-of-type{flex-grow:0;flex-shrink:100}.elementor-widget-divider--element-align-start .elementor-divider-separator:before{content:none}.elementor-widget-divider--element-align-start .elementor-divider__element{margin-inline-start:0}.elementor-widget-divider--element-align-end .elementor-divider .elementor-divider-separator>.elementor-divider__svg:last-of-type{flex-grow:0;flex-shrink:100}.elementor-widget-divider--element-align-end .elementor-divider-separator:after{content:none}.elementor-widget-divider--element-align-end .elementor-divider__element{margin-inline-end:0}.elementor-widget-divider:not(.elementor-widget-divider--view-line_text):not(.elementor-widget-divider--view-line_icon) .elementor-divider-separator{border-block-start:var(--divider-border-width) var(--divider-border-style) var(--divider-color)}.elementor-widget-divider--separator-type-pattern{--divider-border-style:none}.elementor-widget-divider--separator-type-pattern.elementor-widget-divider--view-line .elementor-divider-separator,.elementor-widget-divider--separator-type-pattern:not(.elementor-widget-divider--view-line) .elementor-divider-separator:after,.elementor-widget-divider--separator-type-pattern:not(.elementor-widget-divider--view-line) .elementor-divider-separator:before,.elementor-widget-divider--separator-type-pattern:not([class*=elementor-widget-divider--view]) .elementor-divider-separator{width:100%;min-height:var(--divider-pattern-height);-webkit-mask-size:var(--divider-pattern-size) 100%;mask-size:var(--divider-pattern-size) 100%;-webkit-mask-repeat:var(--divider-pattern-repeat);mask-repeat:var(--divider-pattern-repeat);background-color:var(--divider-color);-webkit-mask-image:var(--divider-pattern-url);mask-image:var(--divider-pattern-url)}.elementor-widget-divider--no-spacing{--divider-pattern-size:auto}.elementor-widget-divider--bg-round{--divider-pattern-repeat:round}.rtl .elementor-widget-divider .elementor-divider__text{direction:rtl}.e-con-inner>.elementor-widget-divider,.e-con>.elementor-widget-divider{width:var(--container-widget-width,100%);--flex-grow:var(--container-widget-flex-grow)}<\/style>\t\t<div class=\"elementor-divider\">\n\t\t\t<span class=\"elementor-divider-separator\">\n\t\t\t\t\t\t\t<span class=\"elementor-divider__text elementor-divider__element\">\n\t\t\t\tPUBLICATIONS\t\t\t\t<\/span>\n\t\t\t\t\t\t<\/span>\n\t\t<\/div>\n\t\t\t\t<\/div>\n\t\t\t\t<\/div>\n\t\t\t\t<div class=\"elementor-element elementor-element-be44528 elementor-widget elementor-widget-text-editor\" data-id=\"be44528\" data-element_type=\"widget\" data-widget_type=\"text-editor.default\">\n\t\t\t\t<div class=\"elementor-widget-container\">\n\t\t\t<style>\/*! elementor - v3.19.0 - 28-02-2024 *\/\n.elementor-widget-text-editor.elementor-drop-cap-view-stacked .elementor-drop-cap{background-color:#69727d;color:#fff}.elementor-widget-text-editor.elementor-drop-cap-view-framed .elementor-drop-cap{color:#69727d;border:3px solid;background-color:transparent}.elementor-widget-text-editor:not(.elementor-drop-cap-view-default) .elementor-drop-cap{margin-top:8px}.elementor-widget-text-editor:not(.elementor-drop-cap-view-default) .elementor-drop-cap-letter{width:1em;height:1em}.elementor-widget-text-editor .elementor-drop-cap{float:left;text-align:center;line-height:1;font-size:50px}.elementor-widget-text-editor .elementor-drop-cap-letter{display:inline-block}<\/style>\t\t\t\t<p><strong>Articles in International Journals:<\/strong><\/p><p>Advancements in Phase Change Materials in Asphalt Pavements for Mitigation of Urban Heat Island Effect: Bibliometric Analysis and Systematic Review\u201d\u00a0 (hyperlink: <a href=\"https:\/\/doi.org\/10.3390\/s23187741\">https:\/\/doi.org\/10.3390\/s23187741<\/a> )<\/p><p>Smart Asphalt Mixtures: A Bibliometric Analysis of the Research Trends (hyperlink: <a href=\"https:\/\/doi.org\/10.3390\/coatings13081396\">https:\/\/doi.org\/10.3390\/coatings13081396<\/a> )<\/p><p>Photocatalysis of functionalised 3D printed cementitious materials\u201d. Journal of Building Engineering (hyperlink: <a href=\"https:\/\/doi.org\/10.1016\/j.jobe.2023.106373\">https:\/\/doi.org\/10.1016\/j.jobe.2023.106373<\/a> )<\/p><p>Mitigation of Urban Heat Island Effects by Thermochromic Asphalt Pavement Thermosensitive Asphalt Pavements (hyperlink: <a href=\"https:\/\/doi.org\/10.3390\/coatings13010035\">https:\/\/doi.org\/10.3390\/coatings13010035<\/a>);<\/p><p>Effect of Iron-Doping on the Structure and Photocatalytic Activity of TiO2 Nanoparticles (hyperlink: <a href=\"https:\/\/doi.org\/10.3390\/catal13010058\">https:\/\/doi.org\/10.3390\/catal13010058<\/a>);<\/p><p>Special Issue: Functionalized and Smart Asphalt Mixtures via the Modification\/Application of Nano\/Micromaterials. (hyperlink: <a href=\"https:\/\/doi.org\/10.3390\/coatings12101533\">https:\/\/doi.org\/10.3390\/coatings12101533<\/a>);<\/p><p>Evaluation of band gap energy of TiO2 precipitated from titanium sulphate. (hyperlink: . <a href=\"https:\/\/doi.org\/10.1016\/j.physb.2022.414008\">https:\/\/doi.org\/10.1016\/j.physb.2022.414008<\/a>);<\/p><p>Use and misuse of the Kubelka-Munk function to obtain the band gap energy from diffuse reflectance measurements. (hyperlink: <a href=\"https:\/\/doi.org\/10.1016\/j.ssc.2021.114573\">https:\/\/doi.org\/10.1016\/j.ssc.2021.114573<\/a>);<\/p><p>Assessing the potential of application of titanium dioxide for photocatalytic degradation of deposited soot on asphalt pavement surfaces. (hyperlink: <a href=\"https:\/\/doi.org\/10.1016\/j.conbuildmat.2022.128859\">https:\/\/doi.org\/10.1016\/j.conbuildmat.2022.128859<\/a>);<\/p><p>Applied Optics in the Development of Smart Asphalt Mixtures.\u00a0 (hyperlink: <a href=\"https:\/\/doi.org\/10.1051\/epjconf\/202226613021\">https:\/\/doi.org\/10.1051\/epjconf\/202226613021<\/a>);<\/p><p>Development of photocatalytic 3d-printed cementitious mortars: Influence of the curing, spraying time gaps and tio2 coating rates (hyperlink: <a href=\"https:\/\/doi.org\/10.3390\/buildings11090381\">https:\/\/doi.org\/10.3390\/buildings11090381<\/a>);<\/p><p>Review and analysis of advances in functionalized, smart, and multifunctional asphalt mixtures (hyperlink: <a href=\"https:\/\/doi.org\/10.1016\/j.rser.2021.111552\">https:\/\/doi.org\/10.1016\/j.rser.2021.111552<\/a>);<\/p><p>Assessing the potential of application of titanium dioxide for photocatalytic degradation of deposited soot on asphalt pavement surfaces (hyperlink: <a href=\"https:\/\/doi.org\/10.1016\/j.conbuildmat.2022.128859\">https:\/\/doi.org\/10.1016\/j.conbuildmat.2022.128859<\/a>);<\/p><p>Photocatalytic performance of textiles coated with titanium dioxide-reduced graphene oxide system for degradation of crude petroleum under similar solar irradiation (hyperlink: <a href=\"https:\/\/doi.org\/10.1007\/s10853-021-06849-3\">https:\/\/doi.org\/10.1007\/s10853-021-06849-3<\/a>);<\/p><p>Asphalt Binder \u201cSkincare\u201d? Aging evaluation of an asphalt binder modified by nano-TiO2 (hyperlink: <a href=\"https:\/\/doi.org\/10.3390\/nano12101678\">https:\/\/doi.org\/10.3390\/nano12101678<\/a>);<\/p><p>Functionalization of Smart Recycled Asphalt Mixtures: A Sustainability Scientific and Pedagogical Approach (hyperlink: <a href=\"https:\/\/doi.org\/10.3390\/su14010573\">https:\/\/doi.org\/10.3390\/su14010573<\/a>);<\/p><p>Physicochemical and Rheological Properties of a Transparent Asphalt Binder Modified with Nano-TiO2 (hyperlink: <a href=\"https:\/\/doi.org\/10.3390\/nano10112152\">https:\/\/doi.org\/10.3390\/nano10112152<\/a>);<\/p><p>Smart, Photocatalytic and Self-Cleaning Asphalt Mixtures: A Literature Review (hyperlink: <a href=\"https:\/\/doi.org\/10.3390\/coatings9110696\">https:\/\/doi.org\/10.3390\/coatings9110696<\/a>);<\/p><p>Photocatalytic asphalt mixtures: semiconductors\u2019 impact in skid resistance and texture (hyperlink: <a href=\"https:\/\/doi.org\/10.1080\/14680629.2019.1624398\">https:\/\/doi.org\/10.1080\/14680629.2019.1624398<\/a>);<\/p><p>Photocatalytic asphalt pavement: the physicochemical and rheological impact of TiO2 nano\/microparticles and ZnO microparticles onto the bitumen <u>(<\/u>hyperlink: <a href=\"https:\/\/doi.org\/10.1080\/14680629.2018.1453371\">https:\/\/doi.org\/10.1080\/14680629.2018.1453371<\/a><u>);<\/u><\/p><p>Assessment of photocatalytic, superhydrophobic and self-cleaning properties on hot mix asphalts coated with TiO2 and\/or ZnO aqueous solutions <u>(<\/u>hyperlink: <a href=\"https:\/\/doi.org\/10.1016\/j.conbuildmat.2018.01.106\">https:\/\/doi.org\/10.1016\/j.conbuildmat.2018.01.106<\/a><u>);<\/u><\/p><p>Visible Light Induced Enhanced Photocatalytic Degradation of Industrial Effluents (Rhodamine B) in Aqueous Media Using TiO2 Nanoparticles (hyperlink: <a href=\"https:\/\/doi.org\/10.1155\/2016\/4396175\">https:\/\/doi.org\/10.1155\/2016\/4396175<\/a>);<\/p><p>The evaluation of the thermal behaviour of a mortar based brick masonry wall coated with TiO2 nanoparticles: An experimental assessment towards energy efficient buildings (hyperlink: <a href=\"https:\/\/doi.org\/10.1016\/j.enbuild.2014.06.006\">https:\/\/doi.org\/10.1016\/j.enbuild.2014.06.006<\/a><u>);<\/u><\/p><p>Synthesis of iron-doped TiO2 nanoparticles by ball-milling process: the influence of process parameters on the structural, optical, magnetic, and photocatalytic properties (hyperlink: <a href=\"https:\/\/doi.org\/10.1007\/s10853-014-8453-3\">https:\/\/doi.org\/10.1007\/s10853-014-8453-3<\/a>);<\/p><p>Development of photocatalytic asphalt mixtures by the deposition and volumetric incorporation of TiO2 nanoparticles (hyperlink: <a href=\"https:\/\/doi.org\/10.1016\/j.conbuildmat.2012.09.005\">https:\/\/doi.org\/10.1016\/j.conbuildmat.2012.09.005<\/a>).<\/p><p><strong>Extended Abstracts:<\/strong><\/p><p>Safe driving: smart, self-cleaning, and thermochromic road paints to alert drivers to iced surfaces, at 19th International Conference on Advanced Nanomaterials (ANM), Aveiro, Portugal (27-29\/07\/2022);, Aveiro, Portugal (27-29\/07\/2022);<\/p><p>Promising asphalt pavements for cold regions: A review on superhydrophobic asphalt mixtures by scientists from Europe and America, at 19th International Conference on Advanced Nanomaterials (ANM), Aveiro, Portugal (27-29\/07\/2022);, Aveiro, Portugal (27-29\/07\/2022)<\/p><p><strong>Papers in Conferences:<\/strong><\/p><p>Pavimentos Rodovi\u00e1rios Termosensitivos: Funcionaliza\u00e7\u00e3o com Termoc\u00e1psulas para Mitiga\u00e7\u00e3o dos Efeitos de Ilha de Calor, at 10\u00ba Congresso Rodoferrovi\u00e1rio Portugu\u00eas (CRP), Lisbon, Portugal (5-7\/07\/2022) <a href=\"about:blank\">(<\/a>hyperlink: <a href=\"about:blank\">https:\/\/10crp.crp.pt\/wp-content\/uploads\/2022\/07\/paper_18.pdf)<\/a>;<\/p><p>Funcionaliza\u00e7\u00e3o de Mistura Betuminosa usando Pulveriza\u00e7\u00f5es Sucessivas para Fotocat\u00e1lise, at 10\u00ba Congresso Rodoferrovi\u00e1rio Portugu\u00eas (CRP), Lisbon, Portugal (5-7\/07\/2022) (hyperlink: <a href=\"https:\/\/10crp.crp.pt\/wp-content\/uploads\/2022\/07\/paper_11.pdf\">https:\/\/10crp.crp.pt\/wp-content\/uploads\/2022\/07\/paper_11.pdf<\/a>);<\/p><p>Considerations involving the determination of the band gap energy by diffuse reflectance spectroscopy, at 5th International Conference on Application of Optics and Photonics (AOP), Guimar\u00e3es, Portugal (18-22\/07\/2022);<\/p><p>Reducing the impact of the sunlight in urban areas using asphalt mixtures with phase change materials: a review in Scopus in the last three years, at 5th International Conference on Application of Optics and Photonics (AOP), Guimar\u00e3es, Portugal (18-22\/07\/2022);<\/p><p>Thermochromism Applied to Transportation Engineering: asphalt roads, color, and road markings, at 5th International Conference on Application of Optics and Photonics (AOP), Guimar\u00e3es, Portugal (18-22\/07\/2022);<\/p><p>Optical, structural, morphological and chemical properties of doped TiO2 nanoparticles with FeCl3, at 5th International Conference on Application of Optics and Photonics (AOP), Guimar\u00e3es, Portugal (18-22\/07\/2022);<\/p><p>Applied Optics in the Development of Smart Asphalt Mixtures, at European Optical Society Annual Meeting (EOSAM), Porto, Portugal (12-16\/09\/2022) (hyperlink: <a href=\"https:\/\/doi.org\/10.1051\/epjconf\/202226613021\">https:\/\/doi.org\/10.1051\/epjconf\/202226613021<\/a>);<\/p><p>Are there new ways to improve the asphalt mixtures&#8217; surface functions? For sure! By functionalization process, at 9th Symposium on Pavement Surface Characteristics (SURF), Milan, Italy (12-14\/09\/2022);<\/p><p>Mapping the Evolution of the World Literature on Smart Asphalt: A Bibliometric Analysis, at International Symposium of Asphalt Pavements (ISAP), Costa Rica (25-27\/10\/2022);<\/p><p>Misturas Asf\u00e1lticas Inteligentes: Mito ou Realidade?, no 36\u00ba Congresso de Pesquisa e Ensino em Transportes (ANPET), Fortaleza, Brasil (08-12\/11\/2022).<\/p><p>Diagon\u00f3stico de Emiss\u00f5es de Poluentes Atmosf\u00e9ricos na Produ\u00e7\u00e3o de Misturas Asf\u00e1lticas, no 36\u00ba Congresso de Pesquisa e Ensino em Transportes (ANPET), Fortaleza, Brasil (08-12\/11\/2022).<\/p><p>Photocatalytic and smart asphalt mixtures: a brief overview at the International Society for Optical Engineering (2019).<\/p><p>Incorporation of steel slag and reclaimed asphalt into pavement surface layers at Wastes: Solutions, Treatments and Opportunities III (2019).<\/p><p>\u00a0<\/p><p><strong>Doctoral Theses:<\/strong><\/p><p>Ecological, photocatalytic, superhydrophobic and self-cleaning asphalt pavement surfaces, Iran Gomes da Rocha Segundo (2022). Supervisors: Elisabete Freitas e Joaquim Carneiro.<\/p><p><strong>\u00a0<\/strong><\/p><p><strong>Master Theses:<\/strong><\/p><p>Aplica\u00e7\u00e3o de solu\u00e7\u00f5es anti-gelo em pavimentos rodovi\u00e1rios, Lu\u00eds Duarte Lopes Moreira (2022). Supervisors: Elisabete Freitas e Iran Rocha Segundo;<\/p><p>Desenvolvimento de revestimento antigelo, fotocatal\u00edtico e autolimopante para pavimentos flex\u00edveis com o uso de nano e micromateriais, Jaffer Bressan Borinelli (2019).\u00a0 Supervisors: Elisabete Freitas e Joaquim Carneiro;<\/p><p>Avalia\u00e7\u00e3o das Capacidades Fotocatal\u00edtica, Superhidrof\u00f3bica e Autolimpante de Misturas Betuminosas Funcionalizadas com TiO2 e ZnO, Iran Gomes da Rocha Segundo (2018). Supervisors: Elisabete Freitas e Joaquim Carneiro;<\/p><p>Avalia\u00e7\u00e3o do Impacto da \u00c1gua e do Tr\u00e1fego nas Capacidades Fotocatal\u00edtica e Autolimpante de Misturas Betuminosas Funcionalizadas com TiO2, S\u00e9rgio Manuel Batista Oliveira (2017).\u00a0 Supervisors: Elisabete Freitas e Joaquim Carneiro;<\/p><p>Avalia\u00e7\u00e3o do desempenho Fotocatal\u00edtico de camadas betuminosas superficiais de pavimentos, Cristiano Andr\u00e9 da Silva Ferreira (2016). Supervisors: Elisabete Freitas e Iran Rocha Segundo;<\/p><p>Altera\u00e7\u00e3o das caracter\u00edsticas superficiais de camadas asf\u00e1lticas de pavimentos com nanopart\u00edculas e micropart\u00edculas: Estudo de envelhecimento, Elisa Alexandra Lages Dias (2013). Supervisors: Elisabete Freitas e Joaquim Carneiro;<\/p><p>Desenvolvimento de revestimentos termosensitivos baseados em microc\u00e1psulas para aplica\u00e7\u00e3o em pavimentos rodovi\u00e1rios, Pedro David Cardoso (2012). Supervisors: Elisabete Freitas e Joaquim Carneiro;<\/p><p>Desenvolvimento de Argamassas Ecoeficientes: Capacidade Autolimpante, Filipa Daniela Pereira Fernandes (2011).\u00a0 Supervisors: Joaquim Carneiro e Vasco Teixeira.<\/p>\t\t\t\t\t\t<\/div>\n\t\t\t\t<\/div>\n\t\t\t\t\t<\/div>\n\t\t<\/div>\n\t\t\t\t\t<\/div>\n\t\t<\/section>\n\t\t\t\t<\/div>\n\t\t","protected":false},"excerpt":{"rendered":"<p>PUBLICATIONS Articles in International Journals: Advancements in Phase Change Materials in Asphalt Pavements for Mitigation of Urban Heat Island Effect: Bibliometric Analysis and Systematic Review\u201d\u00a0 (hyperlink: https:\/\/doi.org\/10.3390\/s23187741 ) Smart Asphalt Mixtures: A Bibliometric Analysis of the Research Trends (hyperlink: https:\/\/doi.org\/10.3390\/coatings13081396 ) Photocatalysis of functionalised 3D printed cementitious materials\u201d. Journal of Building Engineering (hyperlink: https:\/\/doi.org\/10.1016\/j.jobe.2023.106373 ) [&hellip;]<\/p>\n","protected":false},"author":1,"featured_media":0,"parent":0,"menu_order":0,"comment_status":"closed","ping_status":"closed","template":"","meta":{"_acf_changed":false,"footnotes":""},"class_list":["post-21","page","type-page","status-publish","hentry"],"blocksy_meta":{"styles_descriptor":{"styles":{"desktop":"","tablet":"","mobile":""},"google_fonts":[],"version":6},"has_hero_section":"disabled"},"acf":[],"_links":{"self":[{"href":"https:\/\/nanoair.brandit.ws\/index.php?rest_route=\/wp\/v2\/pages\/21","targetHints":{"allow":["GET"]}}],"collection":[{"href":"https:\/\/nanoair.brandit.ws\/index.php?rest_route=\/wp\/v2\/pages"}],"about":[{"href":"https:\/\/nanoair.brandit.ws\/index.php?rest_route=\/wp\/v2\/types\/page"}],"author":[{"embeddable":true,"href":"https:\/\/nanoair.brandit.ws\/index.php?rest_route=\/wp\/v2\/users\/1"}],"replies":[{"embeddable":true,"href":"https:\/\/nanoair.brandit.ws\/index.php?rest_route=%2Fwp%2Fv2%2Fcomments&post=21"}],"version-history":[{"count":10,"href":"https:\/\/nanoair.brandit.ws\/index.php?rest_route=\/wp\/v2\/pages\/21\/revisions"}],"predecessor-version":[{"id":974,"href":"https:\/\/nanoair.brandit.ws\/index.php?rest_route=\/wp\/v2\/pages\/21\/revisions\/974"}],"wp:attachment":[{"href":"https:\/\/nanoair.brandit.ws\/index.php?rest_route=%2Fwp%2Fv2%2Fmedia&parent=21"}],"curies":[{"name":"wp","href":"https:\/\/api.w.org\/{rel}","templated":true}]}}